{"id":9107,"date":"2021-10-05T15:24:23","date_gmt":"2021-10-05T15:24:23","guid":{"rendered":"https:\/\/byurbania.com\/legal-notice\/"},"modified":"2022-01-20T18:08:55","modified_gmt":"2022-01-20T18:08:55","slug":"aviso-legal","status":"publish","type":"page","link":"https:\/\/byurbania.com\/es\/aviso-legal\/","title":{"rendered":"Aviso legal"},"content":{"rendered":"<section class=\"l-section wpb_row height_custom\"><div class=\"l-section-h i-cf\"><div class=\"g-cols via_grid cols_1 laptops-cols_inherit tablets-cols_inherit mobiles-cols_1 valign_top type_default\"><div class=\"wpb_column vc_column_container\"><div class=\"vc_column-inner\"><div class=\"wpb_text_column\"><div class=\"wpb_wrapper\"><h1><strong>Aviso legal<\/strong><\/h1>\n<p><strong>OBJETO<\/strong><\/p>\n<p>La presente p\u00e1gina Web ha sido creada para dar a conocer los servicios y productos ofertados por la entidad URBANIA INTERNATIONAL INVESTMENTS, S.L. (en adelante URBANIA) inscrita en el Registro Mercantil de Madrid al Tomo 27.506, Libro 0, Folio 155, Secci\u00f3n 8, Hoja n\u00famero M-495.631, Inscripci\u00f3n 1\u00aa, con NIF B-85877975 y domicilio en Calle Vel\u00e1zquez n\u00famero 10, 2\u00ba Izqda., Madrid, con C\u00f3digo Postal 28001, Espa\u00f1a; as\u00ed como para la recepci\u00f3n de posibles clientes y contactos comerciales. As\u00ed mismo, se pueden conocer a trav\u00e9s de esta p\u00e1gina web productos y servicios de otras sociedades directamente relacionadas con URBANIA.<\/p>\n<p>Adem\u00e1s de en la direcci\u00f3n postal indicada en el p\u00e1rrafo previo, puede ponerse en contacto con nosotros a trav\u00e9s del siguiente email: info@byurbania.com<\/p>\n<p><strong>PROPIEDAD INDUSTRIAL E INTELECTUAL<\/strong><\/p>\n<p>Los derechos de propiedad intelectual de la p\u00e1gina www.byurbania.com, su c\u00f3digo fuente, dise\u00f1o, estructuras de navegaci\u00f3n y los distintos elementos en ella contenidos son titularidad de URBANIA, a quien corresponde el ejercicio exclusivo de los derechos de explotaci\u00f3n de los mismos en cualquier forma y, en especial, los derechos de reproducci\u00f3n, distribuci\u00f3n, comunicaci\u00f3n p\u00fablica y transformaci\u00f3n, de acuerdo con la legislaci\u00f3n espa\u00f1ola y de la uni\u00f3n europea aplicable.<\/p>\n<p>El portal de URBANIA, las p\u00e1ginas que comprende y la informaci\u00f3n o elementos contenidos en las mismas, incluyen textos, documentos, fotograf\u00edas, dibujos, representaciones gr\u00e1ficas, programas inform\u00e1ticos, as\u00ed como logotipos, marcas, nombres comerciales, u otros signos distintivos, protegidos por derechos de propiedad intelectual o industrial, de los que URBANIA son titulares o leg\u00edtimas licenciatarias.<\/p>\n<p><strong>CONTENIDOS<\/strong><\/p>\n<p>Se facilita a trav\u00e9s de esta web informaci\u00f3n acerca de servicios destinados a conocimiento p\u00fablico que en todo caso se sujetar\u00e1n a los t\u00e9rminos y condiciones expresamente detallados en cada momento, los cuales se someter\u00e1n a las distintas disposiciones legales de aplicaci\u00f3n.<\/p>\n<p><strong>ACCESO Y USO<\/strong><\/p>\n<p>Tanto el acceso a esta p\u00e1gina web, como el uso que pueda hacerse de la informaci\u00f3n y contenidos incluidos en la misma, ser\u00e1 de la exclusiva responsabilidad de quien lo realice. Las condiciones de acceso a este Web estar\u00e1n supeditadas a la legalidad vigente y los principios de la buena fe y uso l\u00edcito por parte del usuario de la misma, quedando prohibido con car\u00e1cter general cualquier tipo de actuaci\u00f3n en perjuicio de URBANIA.<\/p>\n<p>Se considerar\u00e1 terminantemente prohibido el uso de la presente p\u00e1gina Web con fines ilegales o no autorizados.<\/p>\n<p>Queda prohibida cualquier modalidad de explotaci\u00f3n, incluyendo todo tipo de reproducci\u00f3n, distribuci\u00f3n, cesi\u00f3n a terceros, comunicaci\u00f3n p\u00fablica y transformaci\u00f3n, mediante cualquier tipo de soporte y medio, de las obras antes referidas, creaciones y signos distintivos sin autorizaci\u00f3n previa y expresa de sus respectivos titulares. El incumplimiento de esta prohibici\u00f3n podr\u00e1 constituir infracci\u00f3n sancionable por la legislaci\u00f3n vigente.<\/p>\n<p>No obstante, por su cuenta y riesgo, el usuario podr\u00e1 descargar o realizar copia de tales elementos exclusivamente para su uso personal, siempre que no infrinja ninguno de los derechos de propiedad intelectual o industrial de URBANIA, ni los altere total o parcialmente. En ning\u00fan caso, ello significar\u00e1 una autorizaci\u00f3n o licencia sobre los derechos de propiedad de URBANIA.<\/p>\n<p>Queda prohibido, salvo en los casos que expresamente lo autorice URBANIA, presentar las p\u00e1ginas de URBANIA, o la informaci\u00f3n contenida en ellas bajo frames o marcos, signos distintivos, marcas o denominaciones sociales o comerciales de otra persona, empresa o entidad.<\/p>\n<p><strong>RESPONSABILIDAD<\/strong><\/p>\n<p>URBANIA no se hace responsable bajo ning\u00fan concepto por ning\u00fan tipo de da\u00f1o que pudiesen ocasionar los Usuarios a la presente p\u00e1gina web, o a cualquier otra, por el uso ilegal o indebido de la misma, o de los contenidos e informaciones accesibles o facilitadas a trav\u00e9s de ella.<\/p>\n<p><strong>SERVICIO<\/strong><\/p>\n<p>URBANIA se reserva el derecho de suspender el acceso a su p\u00e1gina web, sin previo aviso, de forma discrecional y temporal, por razones t\u00e9cnicas o de cualquier otra \u00edndole, pudiendo asimismo modificar unilateralmente tanto las condiciones de acceso, como la totalidad o parte de los contenidos en ella incluidos.<\/p>\n<p><strong>HIPERENLACES<\/strong><\/p>\n<p>Los hiperenlaces contenidos en el sitio web de URBANIA pueden dirigir a p\u00e1ginas Web de terceros. URBANIA no asume ninguna responsabilidad por el contenido, informaciones o servicios que pudieran aparecer en dichos sitios, que tendr\u00e1n exclusivamente car\u00e1cter informativo y que en ning\u00fan caso implican relaci\u00f3n alguna entre URBANIA y a las personas o entidades titulares de tales contenidos o titulares de los sitios donde se encuentren.<\/p>\n<p><strong>LEGISLACI\u00d3N APLICABLE Y JURISDICCI\u00d3N<\/strong><\/p>\n<p>Las condiciones expuestas se rigen por la legislaci\u00f3n espa\u00f1ola. Para cualquier divergencia surgida del presente Aviso Legal, ambas partes se someten expresamente a los tribunales de la provincia de M\u00e1laga.<\/p>\n<\/div><\/div><\/div><\/div><\/div><\/div><\/section>\n","protected":false},"excerpt":{"rendered":"Aviso legal OBJETO La presente p\u00e1gina Web ha sido creada para dar a conocer los servicios y productos ofertados por la entidad URBANIA INTERNATIONAL INVESTMENTS, S.L. (en adelante URBANIA) inscrita en el Registro Mercantil de Madrid al Tomo 27.506, Libro 0, Folio 155, Secci\u00f3n 8, Hoja n\u00famero M-495.631, Inscripci\u00f3n 1\u00aa, con NIF B-85877975 y domicilio...","protected":false},"author":1,"featured_media":0,"parent":0,"menu_order":0,"comment_status":"closed","ping_status":"closed","template":"","meta":{"_acf_changed":false,"footnotes":""},"class_list":["post-9107","page","type-page","status-publish","hentry"],"acf":[],"yoast_head":"<!-- This site is optimized with the Yoast SEO plugin v27.5 - https:\/\/yoast.com\/product\/yoast-seo-wordpress\/ -->\n<title>Aviso legal | by Urbania<\/title>\n<meta name=\"robots\" content=\"noindex, follow\" \/>\n<meta property=\"og:locale\" content=\"es_ES\" \/>\n<meta property=\"og:type\" content=\"article\" \/>\n<meta property=\"og:title\" content=\"Aviso legal | by Urbania\" \/>\n<meta property=\"og:url\" content=\"https:\/\/byurbania.com\/es\/aviso-legal\/\" \/>\n<meta property=\"og:site_name\" content=\"by Urbania\" \/>\n<meta property=\"article:modified_time\" content=\"2022-01-20T18:08:55+00:00\" \/>\n<meta name=\"twitter:card\" content=\"summary_large_image\" \/>\n<meta name=\"twitter:label1\" content=\"Tiempo de lectura\" \/>\n\t<meta name=\"twitter:data1\" content=\"4 minutos\" \/>\n<script type=\"application\/ld+json\" class=\"yoast-schema-graph\">{\"@context\":\"https:\\\/\\\/schema.org\",\"@graph\":[{\"@type\":\"WebPage\",\"@id\":\"https:\\\/\\\/byurbania.com\\\/es\\\/aviso-legal\\\/\",\"url\":\"https:\\\/\\\/byurbania.com\\\/es\\\/aviso-legal\\\/\",\"name\":\"Aviso legal | by Urbania\",\"isPartOf\":{\"@id\":\"https:\\\/\\\/byurbania.com\\\/#website\"},\"datePublished\":\"2021-10-05T15:24:23+00:00\",\"dateModified\":\"2022-01-20T18:08:55+00:00\",\"breadcrumb\":{\"@id\":\"https:\\\/\\\/byurbania.com\\\/es\\\/aviso-legal\\\/#breadcrumb\"},\"inLanguage\":\"es\",\"potentialAction\":[{\"@type\":\"ReadAction\",\"target\":[\"https:\\\/\\\/byurbania.com\\\/es\\\/aviso-legal\\\/\"]}]},{\"@type\":\"BreadcrumbList\",\"@id\":\"https:\\\/\\\/byurbania.com\\\/es\\\/aviso-legal\\\/#breadcrumb\",\"itemListElement\":[{\"@type\":\"ListItem\",\"position\":1,\"name\":\"Portada\",\"item\":\"https:\\\/\\\/byurbania.com\\\/es\\\/\"},{\"@type\":\"ListItem\",\"position\":2,\"name\":\"Aviso legal\"}]},{\"@type\":\"WebSite\",\"@id\":\"https:\\\/\\\/byurbania.com\\\/#website\",\"url\":\"https:\\\/\\\/byurbania.com\\\/\",\"name\":\"by Urbania\",\"description\":\"A real estate investment development &amp; management firm.\",\"potentialAction\":[{\"@type\":\"SearchAction\",\"target\":{\"@type\":\"EntryPoint\",\"urlTemplate\":\"https:\\\/\\\/byurbania.com\\\/?s={search_term_string}\"},\"query-input\":{\"@type\":\"PropertyValueSpecification\",\"valueRequired\":true,\"valueName\":\"search_term_string\"}}],\"inLanguage\":\"es\"}]}<\/script>\n<!-- \/ Yoast SEO plugin. -->","yoast_head_json":{"title":"Aviso legal | by Urbania","robots":{"index":"noindex","follow":"follow"},"og_locale":"es_ES","og_type":"article","og_title":"Aviso legal | by Urbania","og_url":"https:\/\/byurbania.com\/es\/aviso-legal\/","og_site_name":"by Urbania","article_modified_time":"2022-01-20T18:08:55+00:00","twitter_card":"summary_large_image","twitter_misc":{"Tiempo de lectura":"4 minutos"},"schema":{"@context":"https:\/\/schema.org","@graph":[{"@type":"WebPage","@id":"https:\/\/byurbania.com\/es\/aviso-legal\/","url":"https:\/\/byurbania.com\/es\/aviso-legal\/","name":"Aviso legal | by Urbania","isPartOf":{"@id":"https:\/\/byurbania.com\/#website"},"datePublished":"2021-10-05T15:24:23+00:00","dateModified":"2022-01-20T18:08:55+00:00","breadcrumb":{"@id":"https:\/\/byurbania.com\/es\/aviso-legal\/#breadcrumb"},"inLanguage":"es","potentialAction":[{"@type":"ReadAction","target":["https:\/\/byurbania.com\/es\/aviso-legal\/"]}]},{"@type":"BreadcrumbList","@id":"https:\/\/byurbania.com\/es\/aviso-legal\/#breadcrumb","itemListElement":[{"@type":"ListItem","position":1,"name":"Portada","item":"https:\/\/byurbania.com\/es\/"},{"@type":"ListItem","position":2,"name":"Aviso legal"}]},{"@type":"WebSite","@id":"https:\/\/byurbania.com\/#website","url":"https:\/\/byurbania.com\/","name":"by Urbania","description":"A real estate investment development &amp; management firm.","potentialAction":[{"@type":"SearchAction","target":{"@type":"EntryPoint","urlTemplate":"https:\/\/byurbania.com\/?s={search_term_string}"},"query-input":{"@type":"PropertyValueSpecification","valueRequired":true,"valueName":"search_term_string"}}],"inLanguage":"es"}]}},"_links":{"self":[{"href":"https:\/\/byurbania.com\/es\/wp-json\/wp\/v2\/pages\/9107","targetHints":{"allow":["GET"]}}],"collection":[{"href":"https:\/\/byurbania.com\/es\/wp-json\/wp\/v2\/pages"}],"about":[{"href":"https:\/\/byurbania.com\/es\/wp-json\/wp\/v2\/types\/page"}],"author":[{"embeddable":true,"href":"https:\/\/byurbania.com\/es\/wp-json\/wp\/v2\/users\/1"}],"replies":[{"embeddable":true,"href":"https:\/\/byurbania.com\/es\/wp-json\/wp\/v2\/comments?post=9107"}],"version-history":[{"count":2,"href":"https:\/\/byurbania.com\/es\/wp-json\/wp\/v2\/pages\/9107\/revisions"}],"predecessor-version":[{"id":9109,"href":"https:\/\/byurbania.com\/es\/wp-json\/wp\/v2\/pages\/9107\/revisions\/9109"}],"wp:attachment":[{"href":"https:\/\/byurbania.com\/es\/wp-json\/wp\/v2\/media?parent=9107"}],"curies":[{"name":"wp","href":"https:\/\/api.w.org\/{rel}","templated":true}]}}