{"id":9111,"date":"2021-10-05T15:24:23","date_gmt":"2021-10-05T15:24:23","guid":{"rendered":"https:\/\/byurbania.com\/legal-notice\/"},"modified":"2022-01-20T18:09:10","modified_gmt":"2022-01-20T18:09:10","slug":"condicoes-de-uso","status":"publish","type":"page","link":"https:\/\/byurbania.com\/pt-pt\/condicoes-de-uso\/","title":{"rendered":"Condi\u00e7\u00f5es de uso"},"content":{"rendered":"<section class=\"l-section wpb_row height_custom\"><div class=\"l-section-h i-cf\"><div class=\"g-cols via_grid cols_1 laptops-cols_inherit tablets-cols_inherit mobiles-cols_1 valign_top type_default\"><div class=\"wpb_column vc_column_container\"><div class=\"vc_column-inner\"><div class=\"wpb_text_column\"><div class=\"wpb_wrapper\"><h1>Condi\u00e7\u00f5es de uso<\/h1>\n<p><strong>OBJETIVO<\/strong><\/p>\n<p>A presente p\u00e1gina web foi criada com o objetivo de dar a conhecer os servi\u00e7os e produtos oferecidos pela entidade URBANIA INTERNATIONAL INVESTMENTS, S.L. (daqui em diante URBANIA) inscrita no Registro Mercantil de Madri, Tomo 27.506, Livro 0, Folha 155, Se\u00e7\u00e3o 8, Folha n\u00famero M-495.631, Inscri\u00e7\u00e3o 1\u00aa, com NIF B-85877975 e domic\u00edlio em Calle Vel\u00e1zquez n\u00famero 10, porta 2, Madri, com C\u00f3digo Postal 28001, Espanha; assim como para a recep\u00e7\u00e3o de poss\u00edveis clientes e contatos comerciais. Assim mesmo, \u00e9 poss\u00edvel conhecer atrav\u00e9s desta p\u00e1gina web, produtos e servi\u00e7os de outras sociedades diretamente relacionadas com URBANIA.<\/p>\n<p>Adicionalmente, na dire\u00e7\u00e3o postal indicada no anterior par\u00e1grafo, \u00e9 poss\u00edvel entrar em contato conosco atrav\u00e9s do seguinte email: info@byurbania.com<\/p>\n<p><strong>PROPRIEDADE INTELECTUAL E INDUSTRIAL<\/strong><\/p>\n<p>Os direitos de propriedade intelectual da p\u00e1gina www.byurbania.com, seu c\u00f3digo fonte, desenho, estruturas de navega\u00e7\u00e3o e os distintos elementos nela contidas, s\u00e3o de titularidade de URBANIA, a quem corresponde o exerc\u00edcio exclusivo dos direitos de explorar os mesmos de qualquer forma e em especial, os direitos de reprodu\u00e7\u00e3o, distribui\u00e7\u00e3o, comunica\u00e7\u00e3o p\u00fablica e transforma\u00e7\u00e3o, de acordo com as legisla\u00e7\u00f5es aplic\u00e1veis espanholas e da uni\u00e3o europ\u00e9ia.<\/p>\n<p>Os portais de URBANIA, as p\u00e1ginas que compreende e a informa\u00e7\u00e3o ou elementos contidos nas mesmas, incluem textos, documentos, fotografias, desenhos, representa\u00e7\u00f5es gr\u00e1ficas, programas inform\u00e1ticos, assim como logotipos, marcas, nomes comerciais e outros sinais distintivos, protegidos por direito de propriedade intelectual ou industrial dos quais URBANIA \u00e9 titular ou leg\u00edtima possuidora de licen\u00e7as.<\/p>\n<p><strong>CONTE\u00daDOS<\/strong><\/p>\n<p>Facilita-se atrav\u00e9s de esta web, informa\u00e7\u00e3o sobre os servi\u00e7os destinados ao conhecimento p\u00fablico, que em todo caso se sujeitaram aos t\u00e9rminos e condi\u00e7\u00f5es expressamente detalhados em cada momento, os quais se submeter\u00e3o \u00e0s distintas disposi\u00e7\u00f5es legais de aplica\u00e7\u00e3o.<\/p>\n<p><strong>ACESSO E USO<\/strong><\/p>\n<p>Tanto o acesso a esta p\u00e1gina web como o uso que possa vir a ser feito, tanto da informa\u00e7\u00e3o como conte\u00fados inclu\u00eddos na mesma, ser\u00e1 de exclusiva responsabilidade de quem o realize.<\/p>\n<p>As condi\u00e7\u00f5es de acesso \u00e0 esta web estar\u00e3o submetidas \u00e0 legalidade vigente e princ\u00edpios de boa f\u00e9 e uso l\u00edcito por parte do usu\u00e1rio da mesma, permanecendo proibido com car\u00e1ter geral qualquer tipo de atua\u00e7\u00e3o prejudicial a URBANIA.<\/p>\n<p>Considerar-se-\u00e1 terminantemente proibido o uso da presente p\u00e1gina web com fins ilegais ou n\u00e3o autorizados. Pro\u00edbe-se qualquer modalidade de explora\u00e7\u00e3o, incluindo todo tipo de reprodu\u00e7\u00e3o, distribui\u00e7\u00e3o, cess\u00e3o a terceiros, comunica\u00e7\u00e3o p\u00fablica e transforma\u00e7\u00e3o atrav\u00e9s de qualquer tipo de suporte e meio das obras antes referidas, cria\u00e7\u00f5es ou s\u00edmbolos distintivos sem autoriza\u00e7\u00e3o pr\u00e9via ou expressa de seus respectivos titulares. O incumprimento desta proibi\u00e7\u00e3o poder\u00e1 constituir infra\u00e7\u00e3o sancion\u00e1vel pela legisla\u00e7\u00e3o vigente.<\/p>\n<p>N\u00e3o obstante, por sua conta e risco, o usu\u00e1rio poder\u00e1 descarregar ou realizar c\u00f3pias de tais elementos, exclusivamente para seu uso pessoal, sempre que n\u00e3o infrinja nenhum dos direitos de propriedade intelectual ou industrial de URBANIA, nem os altere total ou parcialmente.<\/p>\n<p>Em nenhum caso, este fato significar\u00e1 uma autoriza\u00e7\u00e3o ou licen\u00e7a sobre os direitos de propriedade de URBANIA.Pro\u00edbe-se, salvo nos casos em que expressamente o autorize URBANIA, apresentar as p\u00e1ginas de URBANIA, ou a informa\u00e7\u00e3o contida nelas baixo quadros ou sinais distintivos, marcas ou denomina\u00e7\u00f5es sociais ou comerciais de outra pessoa, empresa ou entidade.<\/p>\n<p><strong>RESPONSABILIDAD<\/strong><\/p>\n<p>URBANIA n\u00e3o se responsabiliza baixo nenhum conceito, por nenhum tipo de dano que pudessem ocasionar os usu\u00e1rios da presente p\u00e1gina web ou ao qualquer outra, pelo uso ilegal ou indevido da mesma ou dos conte\u00fados e informa\u00e7\u00f5es acess\u00edveis ou facilitadas atrav\u00e9s desta.<\/p>\n<p><strong>SERVI\u00c7O<\/strong><\/p>\n<p>URBANIA se reserva o direito de suspender o acesso \u00e0 sua p\u00e1gina web sem pr\u00e9vio aviso, de forma discreta e temporal, por raz\u00f5es t\u00e9cnicas ou de qualquer outra \u00edndole, podendo assim mesmo modificar unilateralmente tanto as condi\u00e7\u00f5es de acesso como a totalidade ou parte dos conte\u00fados nela inclu\u00eddos.<\/p>\n<p><strong>HYPERLINKS<\/strong><\/p>\n<p>Os hiperlinks contidos no site de URBANIA podem encaminhar o usu\u00e1rio a paginas web de terceiros. URBANIA n\u00e3o assume nenhuma responsabilidade pelo conte\u00fado, informa\u00e7\u00f5es ou servi\u00e7os que pudessem aparecer em referidos sites, os quais ter\u00e3o meramente car\u00e1ter informativo e que em nenhum caso implicam rela\u00e7\u00e3o alguma entre URBANIA e as pessoas ou entidades titulares de tais conte\u00fados ou titulares dos sites onde se encontrem.<\/p>\n<p><strong>LEGISLA\u00c7\u00c3O APLIC\u00c1VEL E JURISDI\u00c7\u00c3O<\/strong><\/p>\n<p>As condi\u00e7\u00f5es expostas s\u00e3o regidas pela legisla\u00e7\u00e3o espanhola. Para qualquer diverg\u00eancia sugerida do presente Aviso Legal, ambas partes se submetem expressamente aos tribunais do estado de M\u00e1laga.<\/p>\n<\/div><\/div><\/div><\/div><\/div><\/div><\/section>\n","protected":false},"excerpt":{"rendered":"Condi\u00e7\u00f5es de uso OBJETIVO A presente p\u00e1gina web foi criada com o objetivo de dar a conhecer os servi\u00e7os e produtos oferecidos pela entidade URBANIA INTERNATIONAL INVESTMENTS, S.L. (daqui em diante URBANIA) inscrita no Registro Mercantil de Madri, Tomo 27.506, Livro 0, Folha 155, Se\u00e7\u00e3o 8, Folha n\u00famero M-495.631, Inscri\u00e7\u00e3o 1\u00aa, com NIF B-85877975 e...","protected":false},"author":1,"featured_media":0,"parent":0,"menu_order":0,"comment_status":"closed","ping_status":"closed","template":"","meta":{"_acf_changed":false,"footnotes":""},"class_list":["post-9111","page","type-page","status-publish","hentry"],"acf":[],"yoast_head":"<!-- This site is optimized with the Yoast SEO plugin v27.5 - https:\/\/yoast.com\/product\/yoast-seo-wordpress\/ -->\n<title>Condi\u00e7\u00f5es de uso | by Urbania<\/title>\n<meta name=\"robots\" content=\"noindex, follow\" \/>\n<meta property=\"og:locale\" content=\"pt_PT\" \/>\n<meta property=\"og:type\" content=\"article\" \/>\n<meta property=\"og:title\" content=\"Condi\u00e7\u00f5es de uso | by Urbania\" \/>\n<meta property=\"og:url\" content=\"https:\/\/byurbania.com\/pt-pt\/condicoes-de-uso\/\" \/>\n<meta property=\"og:site_name\" content=\"by Urbania\" \/>\n<meta property=\"article:modified_time\" content=\"2022-01-20T18:09:10+00:00\" \/>\n<meta name=\"twitter:card\" content=\"summary_large_image\" \/>\n<meta name=\"twitter:label1\" content=\"Tempo estimado de leitura\" \/>\n\t<meta name=\"twitter:data1\" content=\"4 minutos\" \/>\n<script type=\"application\/ld+json\" class=\"yoast-schema-graph\">{\"@context\":\"https:\\\/\\\/schema.org\",\"@graph\":[{\"@type\":\"WebPage\",\"@id\":\"https:\\\/\\\/byurbania.com\\\/pt-pt\\\/condicoes-de-uso\\\/\",\"url\":\"https:\\\/\\\/byurbania.com\\\/pt-pt\\\/condicoes-de-uso\\\/\",\"name\":\"Condi\u00e7\u00f5es de uso | by Urbania\",\"isPartOf\":{\"@id\":\"https:\\\/\\\/byurbania.com\\\/#website\"},\"datePublished\":\"2021-10-05T15:24:23+00:00\",\"dateModified\":\"2022-01-20T18:09:10+00:00\",\"breadcrumb\":{\"@id\":\"https:\\\/\\\/byurbania.com\\\/pt-pt\\\/condicoes-de-uso\\\/#breadcrumb\"},\"inLanguage\":\"pt-PT\",\"potentialAction\":[{\"@type\":\"ReadAction\",\"target\":[\"https:\\\/\\\/byurbania.com\\\/pt-pt\\\/condicoes-de-uso\\\/\"]}]},{\"@type\":\"BreadcrumbList\",\"@id\":\"https:\\\/\\\/byurbania.com\\\/pt-pt\\\/condicoes-de-uso\\\/#breadcrumb\",\"itemListElement\":[{\"@type\":\"ListItem\",\"position\":1,\"name\":\"Portada\",\"item\":\"https:\\\/\\\/byurbania.com\\\/pt-pt\\\/\"},{\"@type\":\"ListItem\",\"position\":2,\"name\":\"Condi\u00e7\u00f5es de uso\"}]},{\"@type\":\"WebSite\",\"@id\":\"https:\\\/\\\/byurbania.com\\\/#website\",\"url\":\"https:\\\/\\\/byurbania.com\\\/\",\"name\":\"by Urbania\",\"description\":\"A real estate investment, development &amp; management firm.\",\"potentialAction\":[{\"@type\":\"SearchAction\",\"target\":{\"@type\":\"EntryPoint\",\"urlTemplate\":\"https:\\\/\\\/byurbania.com\\\/?s={search_term_string}\"},\"query-input\":{\"@type\":\"PropertyValueSpecification\",\"valueRequired\":true,\"valueName\":\"search_term_string\"}}],\"inLanguage\":\"pt-PT\"}]}<\/script>\n<!-- \/ Yoast SEO plugin. -->","yoast_head_json":{"title":"Condi\u00e7\u00f5es de uso | by Urbania","robots":{"index":"noindex","follow":"follow"},"og_locale":"pt_PT","og_type":"article","og_title":"Condi\u00e7\u00f5es de uso | by Urbania","og_url":"https:\/\/byurbania.com\/pt-pt\/condicoes-de-uso\/","og_site_name":"by Urbania","article_modified_time":"2022-01-20T18:09:10+00:00","twitter_card":"summary_large_image","twitter_misc":{"Tempo estimado de leitura":"4 minutos"},"schema":{"@context":"https:\/\/schema.org","@graph":[{"@type":"WebPage","@id":"https:\/\/byurbania.com\/pt-pt\/condicoes-de-uso\/","url":"https:\/\/byurbania.com\/pt-pt\/condicoes-de-uso\/","name":"Condi\u00e7\u00f5es de uso | by Urbania","isPartOf":{"@id":"https:\/\/byurbania.com\/#website"},"datePublished":"2021-10-05T15:24:23+00:00","dateModified":"2022-01-20T18:09:10+00:00","breadcrumb":{"@id":"https:\/\/byurbania.com\/pt-pt\/condicoes-de-uso\/#breadcrumb"},"inLanguage":"pt-PT","potentialAction":[{"@type":"ReadAction","target":["https:\/\/byurbania.com\/pt-pt\/condicoes-de-uso\/"]}]},{"@type":"BreadcrumbList","@id":"https:\/\/byurbania.com\/pt-pt\/condicoes-de-uso\/#breadcrumb","itemListElement":[{"@type":"ListItem","position":1,"name":"Portada","item":"https:\/\/byurbania.com\/pt-pt\/"},{"@type":"ListItem","position":2,"name":"Condi\u00e7\u00f5es de uso"}]},{"@type":"WebSite","@id":"https:\/\/byurbania.com\/#website","url":"https:\/\/byurbania.com\/","name":"by Urbania","description":"A real estate investment, development &amp; management firm.","potentialAction":[{"@type":"SearchAction","target":{"@type":"EntryPoint","urlTemplate":"https:\/\/byurbania.com\/?s={search_term_string}"},"query-input":{"@type":"PropertyValueSpecification","valueRequired":true,"valueName":"search_term_string"}}],"inLanguage":"pt-PT"}]}},"_links":{"self":[{"href":"https:\/\/byurbania.com\/pt-pt\/wp-json\/wp\/v2\/pages\/9111","targetHints":{"allow":["GET"]}}],"collection":[{"href":"https:\/\/byurbania.com\/pt-pt\/wp-json\/wp\/v2\/pages"}],"about":[{"href":"https:\/\/byurbania.com\/pt-pt\/wp-json\/wp\/v2\/types\/page"}],"author":[{"embeddable":true,"href":"https:\/\/byurbania.com\/pt-pt\/wp-json\/wp\/v2\/users\/1"}],"replies":[{"embeddable":true,"href":"https:\/\/byurbania.com\/pt-pt\/wp-json\/wp\/v2\/comments?post=9111"}],"version-history":[{"count":2,"href":"https:\/\/byurbania.com\/pt-pt\/wp-json\/wp\/v2\/pages\/9111\/revisions"}],"predecessor-version":[{"id":9113,"href":"https:\/\/byurbania.com\/pt-pt\/wp-json\/wp\/v2\/pages\/9111\/revisions\/9113"}],"wp:attachment":[{"href":"https:\/\/byurbania.com\/pt-pt\/wp-json\/wp\/v2\/media?parent=9111"}],"curies":[{"name":"wp","href":"https:\/\/api.w.org\/{rel}","templated":true}]}}